{"id":45,"date":"2023-07-13T21:29:47","date_gmt":"2023-07-14T02:29:47","guid":{"rendered":"https:\/\/aprendizmusical.com\/?page_id=45"},"modified":"2024-04-17T17:45:59","modified_gmt":"2024-04-17T07:45:59","slug":"acerca","status":"publish","type":"page","link":"https:\/\/aprendizmusical.com\/?page_id=45","title":{"rendered":"Acerca de"},"content":{"rendered":"\n<div class=\"wp-block-uagb-container uagb-block-ace0a677 alignfull uagb-is-root-container\"><div class=\"uagb-container-inner-blocks-wrap\">\n<div class=\"wp-block-uagb-container uagb-block-361ebc6b\">\n<div class=\"wp-block-uagb-advanced-heading uagb-block-11531fcb\"><h1 class=\"uagb-heading-text\">Con\u00f3ce m\u00e1s<\/h1><\/div>\n\n\n\n<div class=\"wp-block-uagb-info-box uagb-block-aceb2f3f uagb-infobox__content-wrap  uagb-infobox-icon-above-title uagb-infobox-image-valign-top\"><div class=\"uagb-ifb-content\"><div class=\"uagb-ifb-title-wrap\"><h4 class=\"uagb-ifb-title\">En Aprendiz Musical, nuestra pasi\u00f3n es hacer que la m\u00fasica sea accesible para todos.<\/h4><\/div><p class=\"uagb-ifb-desc\"><br>Haz notado lo com\u00fan que es tener una vaga idea de c\u00f3mo funciona la m\u00fasica, incluso en peronas que llevan mucho tiempo tocando sus canciones favoritas? <br>Aprendiz Musical nace a partir de \u00e9sta necesidad,de la creencia de que la m\u00fasica tiene el poder de inspirar, educar y conectar a las personas de todo el mundo.<br>Nuestra misi\u00f3n es proporcionar recursos educativos de alta calidad que ayuden a nuestros estudiantes a desarrollar su pasi\u00f3n por la m\u00fasica, adquirir nuevas habilidades y alcanzar sus metas musicales. <br><br>Desde cursos en l\u00ednea y clases en vivo hasta contenido educativo gratuito, estamos comprometidos a ofrecer una experiencia de aprendizaje enriquecedora y emocionante para nuestra comunidad global de estudiantes.<\/p><\/div><\/div>\n\n\n\n<div class=\"wp-block-uagb-social-share uagb-social-share__outer-wrap uagb-social-share__layout-horizontal uagb-block-49b2c5e9\">\n<div class=\"wp-block-uagb-social-share-child uagb-ss-repeater uagb-ss__wrapper uagb-block-e6cb416c\"><span class=\"uagb-ss__link\" data-href=\"https:\/\/www.facebook.com\/sharer.php?u=\" tabindex=\"0\" role=\"button\" aria-label=\"facebook\"><span class=\"uagb-ss__source-wrap\"><span class=\"uagb-ss__source-icon\"><svg xmlns=\"https:\/\/www.w3.org\/2000\/svg\" viewBox=\"0 0 512 512\"><path d=\"M504 256C504 119 393 8 256 8S8 119 8 256c0 123.8 90.69 226.4 209.3 245V327.7h-63V256h63v-54.64c0-62.15 37-96.48 93.67-96.48 27.14 0 55.52 4.84 55.52 4.84v61h-31.28c-30.8 0-40.41 19.12-40.41 38.73V256h68.78l-11 71.69h-57.78V501C413.3 482.4 504 379.8 504 256z\"><\/path><\/svg><\/span><\/span><\/span><\/div>\n\n\n\n<div class=\"wp-block-uagb-social-share-child uagb-ss-repeater uagb-ss__wrapper uagb-block-bb838424\"><span class=\"uagb-ss__link\" data-href=\"https:\/\/twitter.com\/share?url=\" tabindex=\"0\" role=\"button\" aria-label=\"twitter\"><span class=\"uagb-ss__source-wrap\"><span class=\"uagb-ss__source-icon\"><svg xmlns=\"https:\/\/www.w3.org\/2000\/svg\" viewBox=\"0 0 512 512\"><path d=\"M459.4 151.7c.325 4.548 .325 9.097 .325 13.65 0 138.7-105.6 298.6-298.6 298.6-59.45 0-114.7-17.22-161.1-47.11 8.447 .974 16.57 1.299 25.34 1.299 49.06 0 94.21-16.57 130.3-44.83-46.13-.975-84.79-31.19-98.11-72.77 6.498 .974 12.99 1.624 19.82 1.624 9.421 0 18.84-1.3 27.61-3.573-48.08-9.747-84.14-51.98-84.14-102.1v-1.299c13.97 7.797 30.21 12.67 47.43 13.32-28.26-18.84-46.78-51.01-46.78-87.39 0-19.49 5.197-37.36 14.29-52.95 51.65 63.67 129.3 105.3 216.4 109.8-1.624-7.797-2.599-15.92-2.599-24.04 0-57.83 46.78-104.9 104.9-104.9 30.21 0 57.5 12.67 76.67 33.14 23.72-4.548 46.46-13.32 66.6-25.34-7.798 24.37-24.37 44.83-46.13 57.83 21.12-2.273 41.58-8.122 60.43-16.24-14.29 20.79-32.16 39.31-52.63 54.25z\"><\/path><\/svg><\/span><\/span><\/span><\/div>\n\n\n\n<div class=\"wp-block-uagb-social-share-child uagb-ss-repeater uagb-ss__wrapper uagb-block-49f0e4af\"><span class=\"uagb-ss__link\" data-href=\"https:\/\/pinterest.com\/pin\/create\/link\/?url=\" tabindex=\"0\" role=\"button\" aria-label=\"pinterest\"><span class=\"uagb-ss__source-wrap\"><span class=\"uagb-ss__source-icon\"><svg xmlns=\"https:\/\/www.w3.org\/2000\/svg\" viewBox=\"0 0 448 512\"><path d=\"M224.1 141c-63.6 0-114.9 51.3-114.9 114.9s51.3 114.9 114.9 114.9S339 319.5 339 255.9 287.7 141 224.1 141zm0 189.6c-41.1 0-74.7-33.5-74.7-74.7s33.5-74.7 74.7-74.7 74.7 33.5 74.7 74.7-33.6 74.7-74.7 74.7zm146.4-194.3c0 14.9-12 26.8-26.8 26.8-14.9 0-26.8-12-26.8-26.8s12-26.8 26.8-26.8 26.8 12 26.8 26.8zm76.1 27.2c-1.7-35.9-9.9-67.7-36.2-93.9-26.2-26.2-58-34.4-93.9-36.2-37-2.1-147.9-2.1-184.9 0-35.8 1.7-67.6 9.9-93.9 36.1s-34.4 58-36.2 93.9c-2.1 37-2.1 147.9 0 184.9 1.7 35.9 9.9 67.7 36.2 93.9s58 34.4 93.9 36.2c37 2.1 147.9 2.1 184.9 0 35.9-1.7 67.7-9.9 93.9-36.2 26.2-26.2 34.4-58 36.2-93.9 2.1-37 2.1-147.8 0-184.8zM398.8 388c-7.8 19.6-22.9 34.7-42.6 42.6-29.5 11.7-99.5 9-132.1 9s-102.7 2.6-132.1-9c-19.6-7.8-34.7-22.9-42.6-42.6-11.7-29.5-9-99.5-9-132.1s-2.6-102.7 9-132.1c7.8-19.6 22.9-34.7 42.6-42.6 29.5-11.7 99.5-9 132.1-9s102.7-2.6 132.1 9c19.6 7.8 34.7 22.9 42.6 42.6 11.7 29.5 9 99.5 9 132.1s2.7 102.7-9 132.1z\"><\/path><\/svg><\/span><\/span><\/span><\/div>\n\n\n\n<div class=\"wp-block-uagb-social-share-child uagb-ss-repeater uagb-ss__wrapper uagb-block-81262d83\"><span class=\"uagb-ss__link\" data-href=\"https:\/\/www.linkedin.com\/shareArticle?url=\" tabindex=\"0\" role=\"button\" aria-label=\"linkedin\"><span class=\"uagb-ss__source-wrap\"><span class=\"uagb-ss__source-icon\"><svg xmlns=\"https:\/\/www.w3.org\/2000\/svg\" viewBox=\"0 0 576 512\"><path d=\"M549.7 124.1c-6.281-23.65-24.79-42.28-48.28-48.6C458.8 64 288 64 288 64S117.2 64 74.63 75.49c-23.5 6.322-42 24.95-48.28 48.6-11.41 42.87-11.41 132.3-11.41 132.3s0 89.44 11.41 132.3c6.281 23.65 24.79 41.5 48.28 47.82C117.2 448 288 448 288 448s170.8 0 213.4-11.49c23.5-6.321 42-24.17 48.28-47.82 11.41-42.87 11.41-132.3 11.41-132.3s0-89.44-11.41-132.3zm-317.5 213.5V175.2l142.7 81.21-142.7 81.2z\"><\/path><\/svg><\/span><\/span><\/span><\/div>\n<\/div>\n<\/div>\n<\/div><\/div>\n\n\n\n<div class=\"wp-block-uagb-container uagb-block-00ef131a alignfull uagb-is-root-container\"><div class=\"uagb-container-inner-blocks-wrap\">\n<div class=\"wp-block-columns is-layout-flex wp-container-core-columns-is-layout-1 wp-block-columns-is-layout-flex\">\n<div class=\"wp-block-column is-layout-flow wp-block-column-is-layout-flow\" style=\"flex-basis:33.33%\">\n<figure class=\"wp-block-image size-large\"><img loading=\"lazy\" decoding=\"async\" width=\"1024\" height=\"682\" src=\"https:\/\/aprendizmusical.com\/wp-content\/uploads\/2024\/04\/105265332_597842924175633_2227400607919100407_n-1024x682.jpg\" alt=\"\" class=\"wp-image-231\" srcset=\"https:\/\/aprendizmusical.com\/wp-content\/uploads\/2024\/04\/105265332_597842924175633_2227400607919100407_n-1024x682.jpg 1024w, https:\/\/aprendizmusical.com\/wp-content\/uploads\/2024\/04\/105265332_597842924175633_2227400607919100407_n-300x200.jpg 300w, https:\/\/aprendizmusical.com\/wp-content\/uploads\/2024\/04\/105265332_597842924175633_2227400607919100407_n-768x511.jpg 768w, https:\/\/aprendizmusical.com\/wp-content\/uploads\/2024\/04\/105265332_597842924175633_2227400607919100407_n.jpg 1080w\" sizes=\"(max-width: 1024px) 100vw, 1024px\" \/><\/figure>\n<\/div>\n\n\n\n<div class=\"wp-block-column is-layout-flow wp-block-column-is-layout-flow\" style=\"flex-basis:66.66%\">\n<p>Aprendiz Musical es un sue\u00f1o de Alfonso Ortiz, Licenciado en M\u00fasica de la Universidad Industrial de Santander (Colombia) quien ha dedicado gran parte de su carrera a la ense\u00f1anza musical de manera presencial, dando clases de Teor\u00eda Musical, An\u00e1lisis y Lectura de Partituras, Violonchelo, Piano, Percusi\u00f3n y Guitarra ac\u00fastica.<br>Enamorado de la teor\u00eda musical ha guiado a estudiantes en la exploraci\u00f3n de conceptos fundamentales para el desarrollo musical. <br><br>Con un gusto por lo audiovisual, reconociendo la accesibilidad y flexibilidad que ofrece el internet, se pone en marcha la creaci\u00f3n del proyecto \u201cAprendiz Musical\u201d en 2020 con el deseo de compartir su pasi\u00f3n musical.<\/p>\n<\/div>\n<\/div>\n\n\n\n<div class=\"wp-block-uagb-container uagb-block-ac3427aa\">\n<p>En Aprendiz Musical, creemos en la importancia de la comunidad y el apoyo mutuo en el viaje musical. Estamos comprometidos a seguir creciendo y mejorando para satisfacer las necesidades cambiantes de nuestra comunidad y continuar siendo una fuente confiable de educaci\u00f3n musical en l\u00ednea.<br>\u00a1Gracias por ser parte de nuestra comunidad y por permitirnos ser parte de tu viaje musical!<\/p>\n<\/div>\n<\/div><\/div>\n\n\n\n<div class=\"wp-block-uagb-container uagb-block-b92f7d54 alignfull uagb-is-root-container\"><div class=\"uagb-container-inner-blocks-wrap\">\n<div class=\"wp-block-uagb-container uagb-block-024d94a2\">\n<div class=\"wp-block-uagb-info-box uagb-block-41b65442 uagb-infobox__content-wrap  uagb-infobox-icon-above-title uagb-infobox-image-valign-top\"><div class=\"uagb-ifb-content\"><div class=\"uagb-ifb-title-wrap\"><h2 class=\"uagb-ifb-title\"><span style=\"color: #c00040;\" class=\"stk-highlight\">Hablemos!<\/span><\/h2><\/div><p class=\"uagb-ifb-desc\"><strong><span style=\"color: #000000;\" class=\"stk-highlight\">\u00bfNecesitas ayuda o tienes alguna pregunta? \u00a1Cont\u00e1ctanos aqu\u00ed! Estamos aqu\u00ed para ayudarte en tu viaje musical. Haz clic para ponerte en contacto.<\/span><\/strong><\/p><div class=\"uagb-ifb-button-wrapper wp-block-button\"><a href=\"https:\/\/aprendizmusical.com\/?page_id=46\" class=\"uagb-infobox-cta-link wp-block-button__link\" target=\"_self\" rel=\"noopener noreferrer\" onclick=\"return true;\" alt=\"\"><span class=\"uagb-inline-editing\">Contactar!<\/span><\/a><\/div><\/div><\/div>\n<\/div>\n<\/div><\/div>\n","protected":false},"excerpt":{"rendered":"<p>Con\u00f3ce m\u00e1s Aprendiz Musical es un sue\u00f1o de Alfonso Ortiz, Licenciado en M\u00fasica de la Universidad Industrial de Santander (Colombia) quien ha dedicado gran parte de su carrera a la ense\u00f1anza musical de manera presencial, dando clases de Teor\u00eda Musical, An\u00e1lisis y Lectura de Partituras, Violonchelo, Piano, Percusi\u00f3n y Guitarra ac\u00fastica.Enamorado de la teor\u00eda musical &hellip;<\/p>\n<p class=\"read-more\"> <a class=\"\" href=\"https:\/\/aprendizmusical.com\/?page_id=45\"> <span class=\"screen-reader-text\">Acerca de<\/span> Leer m\u00e1s &raquo;<\/a><\/p>\n","protected":false},"author":1,"featured_media":0,"parent":0,"menu_order":0,"comment_status":"closed","ping_status":"closed","template":"","meta":{"_uag_custom_page_level_css":"","site-sidebar-layout":"default","site-content-layout":"default","ast-global-header-display":"","ast-banner-title-visibility":"","ast-main-header-display":"","ast-hfb-above-header-display":"","ast-hfb-below-header-display":"","ast-hfb-mobile-header-display":"","site-post-title":"","ast-breadcrumbs-content":"","ast-featured-img":"","footer-sml-layout":"","theme-transparent-header-meta":"","adv-header-id-meta":"","stick-header-meta":"","header-above-stick-meta":"","header-main-stick-meta":"","header-below-stick-meta":"","footnotes":""},"featured_image_urls":{"full":"","thumbnail":"","medium":"","medium_large":"","large":"","1536x1536":"","2048x2048":""},"post_excerpt_stackable":"<p>Con\u00f3ce m\u00e1s En Aprendiz Musical, nuestra pasi\u00f3n es hacer que la m\u00fasica sea accesible para todos.Haz notado lo com\u00fan que es tener una vaga idea de c\u00f3mo funciona la m\u00fasica, incluso en peronas que llevan mucho tiempo tocando sus canciones favoritas? Aprendiz Musical nace a partir de \u00e9sta necesidad,de la creencia de que la m\u00fasica tiene el poder de inspirar, educar y conectar a las personas de todo el mundo.Nuestra misi\u00f3n es proporcionar recursos educativos de alta calidad que ayuden a nuestros estudiantes a desarrollar su pasi\u00f3n por la m\u00fasica, adquirir nuevas habilidades y alcanzar sus metas musicales. Desde cursos&hellip;<\/p>\n","category_list":"","author_info":{"name":"ldefonso.ao@gmail.com","url":"https:\/\/aprendizmusical.com\/?author=1"},"comments_num":"0 comments","uagb_featured_image_src":{"full":false,"thumbnail":false,"medium":false,"medium_large":false,"large":false,"1536x1536":false,"2048x2048":false},"uagb_author_info":{"display_name":"ldefonso.ao@gmail.com","author_link":"https:\/\/aprendizmusical.com\/?author=1"},"uagb_comment_info":0,"uagb_excerpt":"Con\u00f3ce m\u00e1s Aprendiz Musical es un sue\u00f1o de Alfonso Ortiz, Licenciado en M\u00fasica de la Universidad Industrial de Santander (Colombia) quien ha dedicado gran parte de su carrera a la ense\u00f1anza musical de manera presencial, dando clases de Teor\u00eda Musical, An\u00e1lisis y Lectura de Partituras, Violonchelo, Piano, Percusi\u00f3n y Guitarra ac\u00fastica.Enamorado de la teor\u00eda musical&hellip;","_links":{"self":[{"href":"https:\/\/aprendizmusical.com\/index.php?rest_route=\/wp\/v2\/pages\/45"}],"collection":[{"href":"https:\/\/aprendizmusical.com\/index.php?rest_route=\/wp\/v2\/pages"}],"about":[{"href":"https:\/\/aprendizmusical.com\/index.php?rest_route=\/wp\/v2\/types\/page"}],"author":[{"embeddable":true,"href":"https:\/\/aprendizmusical.com\/index.php?rest_route=\/wp\/v2\/users\/1"}],"replies":[{"embeddable":true,"href":"https:\/\/aprendizmusical.com\/index.php?rest_route=%2Fwp%2Fv2%2Fcomments&post=45"}],"version-history":[{"count":5,"href":"https:\/\/aprendizmusical.com\/index.php?rest_route=\/wp\/v2\/pages\/45\/revisions"}],"predecessor-version":[{"id":233,"href":"https:\/\/aprendizmusical.com\/index.php?rest_route=\/wp\/v2\/pages\/45\/revisions\/233"}],"wp:attachment":[{"href":"https:\/\/aprendizmusical.com\/index.php?rest_route=%2Fwp%2Fv2%2Fmedia&parent=45"}],"curies":[{"name":"wp","href":"https:\/\/api.w.org\/{rel}","templated":true}]}}