{"id":43,"date":"2023-07-13T21:29:47","date_gmt":"2023-07-14T02:29:47","guid":{"rendered":"https:\/\/aprendizmusical.com\/?page_id=43"},"modified":"2024-04-04T17:58:41","modified_gmt":"2024-04-04T07:58:41","slug":"programas","status":"publish","type":"page","link":"https:\/\/aprendizmusical.com\/?page_id=43","title":{"rendered":"Programas"},"content":{"rendered":"\n<div class=\"wp-block-uagb-container uagb-block-ac873526 alignfull uagb-is-root-container\"><div class=\"uagb-container-inner-blocks-wrap\">\n<div class=\"wp-block-uagb-info-box uagb-block-20ea40e7 uagb-infobox__content-wrap  uagb-infobox-icon-above-title uagb-infobox-image-valign-top\"><div class=\"uagb-ifb-content\"><div class=\"uagb-ifb-title-wrap\"><h1 class=\"uagb-ifb-title\">Qu\u00e9 hacemos?<\/h1><\/div><p class=\"uagb-ifb-desc\">Estamos construyendo un espacio en internet para la educaci\u00f3n musical y lo mejor es que T\u00fa puedes ser parte. <br>\u00danete y da el primer paso en la consecuci\u00f3n de tu sue\u00f1o musical.<\/p><\/div><\/div>\n\n\n\n<div class=\"wp-block-uagb-container uagb-block-fde4e022\">\n<div class=\"wp-block-uagb-container uagb-block-9b43d685\">\n<div class=\"wp-block-stackable-button-group stk-block-button-group stk-block stk-21ab08f\" data-block-id=\"21ab08f\"><div class=\"stk-row stk-inner-blocks has-text-align-center stk-block-content stk-button-group\">\n<div class=\"wp-block-stackable-button stk-block-button has-text-align-center is-style-ghost stk-block stk-1197d38\" data-block-id=\"1197d38\"><style>.stk-1197d38,.stk-1197d38 .stk-button{width:100% !important}.stk-1197d38{flex:1 1 0 !important}.stk-1197d38 .stk-button{min-height:0px !important;background:#0000003b !important}.stk-1197d38 .stk-button:hover:after{background:transparent !important;opacity:1 !important}:where(.stk-hover-parent:hover,.stk-hover-parent.stk--is-hovered) .stk-1197d38 .stk-button:after{background:transparent !important;opacity:1 !important}.stk-1197d38 .stk-button:before{border-style:solid !important;border-color:var(--ast-global-color-5) !important}.stk-1197d38 .stk-button__inner-text{color:var(--ast-global-color-5) !important}<\/style><a class=\"stk-link stk-button stk--hover-effect-scale-more\" href=\"https:\/\/aprendizmusical.com\/?page_id=221\" target=\"_blank\" rel=\"noreferrer noopener\"><span class=\"has-text-color stk-button__inner-text\">Ver mas<\/span><\/a><\/div>\n<\/div><\/div>\n<\/div>\n\n\n\n<div class=\"wp-block-uagb-container uagb-block-efa21cdd\">\n<div class=\"wp-block-uagb-advanced-heading uagb-block-b341e9c2\"><h2 class=\"uagb-heading-text\">Clases en Vivo<\/h2><\/div>\n\n\n\n<div class=\"wp-block-uagb-info-box uagb-block-515eee45 uagb-infobox__content-wrap  uagb-infobox-icon-above-title uagb-infobox-image-valign-top\"><div class=\"uagb-ifb-content\"><div class=\"uagb-ifb-title-wrap\"><h5 class=\"uagb-ifb-title\">Desentra\u00f1amos los secretos de la teor\u00eda musical a trav\u00e9s de la lectura de libros especializados. <\/h5><\/div><p class=\"uagb-ifb-desc\">Convi\u00e9rtete en un experto en m\u00fasica, paso a paso, con nuestro contenido premium en YouTube y una comunidad comprometida.<br><strong>Disponibles<\/strong>: Teor\u00eda Musical Nivel 1 y Armon\u00eda Cl\u00e1sica.<br> <br>\u00a1\u00danete ahora!<\/p><\/div><\/div>\n<\/div>\n<\/div>\n\n\n\n<div class=\"wp-block-uagb-container uagb-block-fefdb0dc\">\n<div class=\"wp-block-uagb-container uagb-block-ac77cd17\">\n<div class=\"wp-block-stackable-button-group stk-block-button-group stk-block stk-35b6d70\" data-block-id=\"35b6d70\"><div class=\"stk-row stk-inner-blocks has-text-align-center stk-block-content stk-button-group\">\n<div class=\"wp-block-stackable-button stk-block-button has-text-align-center is-style-ghost stk-block stk-e46cbcb\" data-block-id=\"e46cbcb\"><style>.stk-e46cbcb,.stk-e46cbcb .stk-button{width:100% !important}.stk-e46cbcb{flex:1 1 0 !important}.stk-e46cbcb .stk-button{min-height:0px !important;background:#0000003b !important}.stk-e46cbcb .stk-button:hover:after{background:transparent !important;opacity:1 !important}:where(.stk-hover-parent:hover,.stk-hover-parent.stk--is-hovered) .stk-e46cbcb .stk-button:after{background:transparent !important;opacity:1 !important}.stk-e46cbcb .stk-button:before{border-style:solid !important;border-color:var(--ast-global-color-5) !important}.stk-e46cbcb .stk-button__inner-text{color:var(--ast-global-color-5) !important}<\/style><a class=\"stk-link stk-button stk--hover-effect-scale-more\" href=\"https:\/\/pianonautas.com\/pianoinstrumental\" target=\"_blank\" rel=\"noreferrer noopener\"><span class=\"has-text-color stk-button__inner-text\">Ver mas<\/span><\/a><\/div>\n<\/div><\/div>\n<\/div>\n\n\n\n<div class=\"wp-block-uagb-container uagb-block-8da6abda\">\n<div class=\"wp-block-uagb-advanced-heading uagb-block-2885901d\"><h2 class=\"uagb-heading-text\">Curso de Piano Instrumental<\/h2><\/div>\n\n\n\n<div class=\"wp-block-uagb-info-box uagb-block-0395afe6 uagb-infobox__content-wrap  uagb-infobox-icon-above-title uagb-infobox-image-valign-top\"><div class=\"uagb-ifb-content\"><div class=\"uagb-ifb-title-wrap\"><h5 class=\"uagb-ifb-title\">En compa\u00f1\u00eda de PIANONAUTAS nos hemos unido para brindarte un curso de piano ideal para ti.<\/h5><\/div><p class=\"uagb-ifb-desc\">Este programa est\u00e1 dise\u00f1ado para que aprendas a tocar piezas instrumentales de una&nbsp;forma&nbsp;guiada y clara.&nbsp;&nbsp;Cada canci\u00f3n ser\u00e1 un m\u00f3dulo completo y&nbsp;se dividir\u00e1&nbsp;en varias sub-lecciones donde pasar\u00e1s desde&nbsp;entender la partitura&nbsp;y armon\u00eda de la pieza&nbsp;hasta&nbsp;llegar a tocarla&nbsp; fluidamente con ambas manos.<\/p><\/div><\/div>\n<\/div>\n<\/div>\n\n\n\n<div class=\"wp-block-uagb-container uagb-block-40710756\">\n<div class=\"wp-block-uagb-container uagb-block-c370fbdb\">\n<div class=\"wp-block-stackable-button-group stk-block-button-group stk-block stk-c4a3427\" data-block-id=\"c4a3427\"><div class=\"stk-row stk-inner-blocks has-text-align-center stk-block-content stk-button-group\">\n<div class=\"wp-block-stackable-button stk-block-button has-text-align-center is-style-ghost stk-block stk-69de303\" data-block-id=\"69de303\"><style>.stk-69de303,.stk-69de303 .stk-button{width:100% !important}.stk-69de303{flex:1 1 0 !important}.stk-69de303 .stk-button{min-height:0px !important;background:#0000003b !important}.stk-69de303 .stk-button:hover:after{background:transparent !important;opacity:1 !important}:where(.stk-hover-parent:hover,.stk-hover-parent.stk--is-hovered) .stk-69de303 .stk-button:after{background:transparent !important;opacity:1 !important}.stk-69de303 .stk-button:before{border-style:solid !important;border-color:var(--ast-global-color-5) !important}.stk-69de303 .stk-button__inner-text{color:var(--ast-global-color-5) !important}<\/style><a class=\"stk-link stk-button stk--hover-effect-scale-more\" href=\"https:\/\/pianonautas.com\/pianoinstrumental\" target=\"_blank\" rel=\"noreferrer noopener\"><span class=\"has-text-color stk-button__inner-text\">Proximamente<\/span><\/a><\/div>\n<\/div><\/div>\n<\/div>\n\n\n\n<div class=\"wp-block-uagb-container uagb-block-2a1a4792\">\n<div class=\"wp-block-uagb-advanced-heading uagb-block-34d68866\"><h2 class=\"uagb-heading-text\">Teor\u00eda Musical<\/h2><\/div>\n\n\n\n<div class=\"wp-block-uagb-info-box uagb-block-4363cb2a uagb-infobox__content-wrap  uagb-infobox-icon-above-title uagb-infobox-image-valign-top\"><div class=\"uagb-ifb-content\"><div class=\"uagb-ifb-title-wrap\"><h5 class=\"uagb-ifb-title\">\u00a1Prep\u00e1rate para desbloquear tu potencial musical y dar tus primeros pasos en este fascinante viaje!<\/h5><\/div><p class=\"uagb-ifb-desc\">Este curso te llevar\u00e1 de la mano en un viaje desde los conceptos m\u00e1s b\u00e1sicos hasta comprender las complejidades de la m\u00fasica. Aprender\u00e1s a leer partituras, identificar notas y ritmos, entender escalas y acordes, y explorar\u00e1s c\u00f3mo se construyen las piezas musicales. No importa si eres un principiante absoluto o si ya tienes algo de experiencia, este curso te proporcionar\u00e1 una base s\u00f3lida en teor\u00eda musical que te ayudar\u00e1 a desarrollar tus habilidades como m\u00fasico y a profundizar tu apreciaci\u00f3n por la m\u00fasica en todas sus formas. <\/p><\/div><\/div>\n<\/div>\n<\/div>\n<\/div><\/div>\n\n\n\n<div class=\"wp-block-uagb-container uagb-block-c30e1451 alignfull uagb-is-root-container\"><div class=\"uagb-container-inner-blocks-wrap\">\n<div class=\"wp-block-uagb-container uagb-block-3769ea02\"><\/div>\n\n\n\n<div class=\"wp-block-uagb-info-box uagb-block-1ad4e2ae uagb-infobox__content-wrap  uagb-infobox-icon-above-title uagb-infobox-image-valign-top\"><div class=\"uagb-ifb-content\"><div class=\"uagb-ifb-title-wrap\"><h2 class=\"uagb-ifb-title\">\u00a1Nos encantar\u00eda saber de ti! <\/h2><\/div><p class=\"uagb-ifb-desc\">Ya sea que tengas preguntas sobre nuestros cursos, sugerencias para mejorar tu experiencia de aprendizaje, o simplemente deseas compartir tu amor por la m\u00fasica, estamos aqu\u00ed para ti. No dudes en ponerte en contacto con nosotros a trav\u00e9s del formulario de contacto o envi\u00e1ndonos un correo electr\u00f3nico. <\/p><div class=\"uagb-ifb-button-wrapper wp-block-button\"><a href=\"https:\/\/aprendizmusical.com\/?page_id=46\" class=\"uagb-infobox-cta-link wp-block-button__link\" target=\"_self\" rel=\"noopener noreferrer\" onclick=\"return true;\" alt=\"\"><span class=\"uagb-inline-editing\">Contactar<\/span><\/a><\/div><\/div><\/div>\n<\/div><\/div>\n","protected":false},"excerpt":{"rendered":"<p>Ver mas Clases en Vivo Ver mas Curso de Piano Instrumental Proximamente Teor\u00eda Musical<\/p>\n","protected":false},"author":1,"featured_media":0,"parent":0,"menu_order":0,"comment_status":"closed","ping_status":"closed","template":"","meta":{"_uag_custom_page_level_css":"","site-sidebar-layout":"default","site-content-layout":"default","ast-global-header-display":"","ast-banner-title-visibility":"","ast-main-header-display":"","ast-hfb-above-header-display":"","ast-hfb-below-header-display":"","ast-hfb-mobile-header-display":"","site-post-title":"","ast-breadcrumbs-content":"","ast-featured-img":"","footer-sml-layout":"","theme-transparent-header-meta":"","adv-header-id-meta":"","stick-header-meta":"","header-above-stick-meta":"","header-main-stick-meta":"","header-below-stick-meta":"","footnotes":""},"featured_image_urls":{"full":"","thumbnail":"","medium":"","medium_large":"","large":"","1536x1536":"","2048x2048":""},"post_excerpt_stackable":"<p>Qu\u00e9 hacemos?Estamos construyendo un espacio en internet para la educaci\u00f3n musical y lo mejor es que T\u00fa puedes ser parte. \u00danete y da el primer paso en la consecuci\u00f3n de tu sue\u00f1o musical. Ver mas Clases en Vivo Desentra\u00f1amos los secretos de la teor\u00eda musical a trav\u00e9s de la lectura de libros especializados. Convi\u00e9rtete en un experto en m\u00fasica, paso a paso, con nuestro contenido premium en YouTube y una comunidad comprometida.Disponibles: Teor\u00eda Musical Nivel 1 y Armon\u00eda Cl\u00e1sica. \u00a1\u00danete ahora! Ver mas Curso de Piano Instrumental En compa\u00f1\u00eda de PIANONAUTAS nos hemos unido para brindarte un curso de piano&hellip;<\/p>\n","category_list":"","author_info":{"name":"ldefonso.ao@gmail.com","url":"https:\/\/aprendizmusical.com\/?author=1"},"comments_num":"0 comments","uagb_featured_image_src":{"full":false,"thumbnail":false,"medium":false,"medium_large":false,"large":false,"1536x1536":false,"2048x2048":false},"uagb_author_info":{"display_name":"ldefonso.ao@gmail.com","author_link":"https:\/\/aprendizmusical.com\/?author=1"},"uagb_comment_info":0,"uagb_excerpt":"Ver mas Clases en Vivo Ver mas Curso de Piano Instrumental Proximamente Teor\u00eda Musical","_links":{"self":[{"href":"https:\/\/aprendizmusical.com\/index.php?rest_route=\/wp\/v2\/pages\/43"}],"collection":[{"href":"https:\/\/aprendizmusical.com\/index.php?rest_route=\/wp\/v2\/pages"}],"about":[{"href":"https:\/\/aprendizmusical.com\/index.php?rest_route=\/wp\/v2\/types\/page"}],"author":[{"embeddable":true,"href":"https:\/\/aprendizmusical.com\/index.php?rest_route=\/wp\/v2\/users\/1"}],"replies":[{"embeddable":true,"href":"https:\/\/aprendizmusical.com\/index.php?rest_route=%2Fwp%2Fv2%2Fcomments&post=43"}],"version-history":[{"count":10,"href":"https:\/\/aprendizmusical.com\/index.php?rest_route=\/wp\/v2\/pages\/43\/revisions"}],"predecessor-version":[{"id":222,"href":"https:\/\/aprendizmusical.com\/index.php?rest_route=\/wp\/v2\/pages\/43\/revisions\/222"}],"wp:attachment":[{"href":"https:\/\/aprendizmusical.com\/index.php?rest_route=%2Fwp%2Fv2%2Fmedia&parent=43"}],"curies":[{"name":"wp","href":"https:\/\/api.w.org\/{rel}","templated":true}]}}