{"id":221,"date":"2024-04-04T17:50:39","date_gmt":"2024-04-04T07:50:39","guid":{"rendered":"https:\/\/aprendizmusical.com\/?page_id=221"},"modified":"2024-04-04T17:59:49","modified_gmt":"2024-04-04T07:59:49","slug":"cursos-en-vivo-de-teoria-musical-y-armonia-clasica","status":"publish","type":"page","link":"https:\/\/aprendizmusical.com\/?page_id=221","title":{"rendered":"Membres\u00eda"},"content":{"rendered":"\n<h2 class=\"wp-block-heading has-text-align-center\">Teor\u00eda Musical Nivel 1<\/h2>\n\n\n\n<div class=\"wp-block-uagb-container uagb-block-6949b20f alignfull uagb-is-root-container\"><div class=\"uagb-container-inner-blocks-wrap\">\n<div class=\"wp-block-uagb-container uagb-block-b9871f33\">\n<figure class=\"wp-block-image size-full\"><img loading=\"lazy\" decoding=\"async\" width=\"264\" height=\"352\" src=\"https:\/\/aprendizmusical.com\/wp-content\/uploads\/2024\/04\/ameb-MT1.jpg\" alt=\"\" class=\"wp-image-224\" srcset=\"https:\/\/aprendizmusical.com\/wp-content\/uploads\/2024\/04\/ameb-MT1.jpg 264w, https:\/\/aprendizmusical.com\/wp-content\/uploads\/2024\/04\/ameb-MT1-225x300.jpg 225w\" sizes=\"(max-width: 264px) 100vw, 264px\" \/><\/figure>\n<\/div>\n\n\n\n<div class=\"wp-block-uagb-container uagb-block-003b8968\">\n<p>\u00a1Bienvenido al curso en vivo de Teor\u00eda Musical! Este curso est\u00e1 dise\u00f1ado para aquellos que desean aprender los fundamentos de la m\u00fasica desde cero. No importa si eres un principiante absoluto o si tienes algo de conocimiento previo, este curso te brindar\u00e1 las bases necesarias para comprender y analizar la m\u00fasica de una manera m\u00e1s profunda.<br>Nos apoyamos en el material usado por la\u00a0<strong>Australian Music Examination Board<\/strong>\u00a0que\u00a0est\u00e1 dise\u00f1ado para aquellos que desean establecer una base s\u00f3lida en los\u00a0<strong>fundamentos de la m\u00fasica<\/strong><\/p>\n\n\n\n<p>Nuestro curso en vivo se lleva a cabo a trav\u00e9s de YouTube y est\u00e1 exclusivamente disponible para los miembros del canal. Esto significa que tendr\u00e1s acceso a clases en tiempo real, donde podr\u00e1s interactuar con el instructor y hacer preguntas en el chat en vivo. Adem\u00e1s, todas las clases quedan grabadas y estar\u00e1n disponibles para que las veas en cualquier momento.<\/p>\n\n\n\n<div class=\"wp-block-buttons alignwide is-content-justification-left is-layout-flex wp-container-core-buttons-is-layout-1 wp-block-buttons-is-layout-flex\">\n<div class=\"wp-block-button has-custom-width wp-block-button__width-25\"><a class=\"wp-block-button__link wp-element-button\" href=\"https:\/\/www.youtube.com\/playlist?list=PLoNTWehK6E_U-UOrKmGujeQH56CYEUReO\"><strong>Ir al Curso<\/strong><\/a><\/div>\n<\/div>\n<\/div>\n<\/div><\/div>\n\n\n\n<div style=\"height:50px\" aria-hidden=\"true\" class=\"wp-block-spacer\"><\/div>\n\n\n\n<h2 class=\"wp-block-heading has-text-align-center\">Curso de Armon\u00eda Cl\u00e1sica<\/h2>\n\n\n\n<div class=\"wp-block-uagb-container uagb-block-758ebf4e alignfull uagb-is-root-container\"><div class=\"uagb-container-inner-blocks-wrap\">\n<div class=\"wp-block-uagb-container uagb-block-a892ee0f\">\n<figure class=\"wp-block-image size-full\"><img loading=\"lazy\" decoding=\"async\" width=\"707\" height=\"1000\" src=\"https:\/\/aprendizmusical.com\/wp-content\/uploads\/2024\/04\/811bMjImaqL._AC_UF10001000_QL80_.jpg\" alt=\"\" class=\"wp-image-225\" srcset=\"https:\/\/aprendizmusical.com\/wp-content\/uploads\/2024\/04\/811bMjImaqL._AC_UF10001000_QL80_.jpg 707w, https:\/\/aprendizmusical.com\/wp-content\/uploads\/2024\/04\/811bMjImaqL._AC_UF10001000_QL80_-212x300.jpg 212w\" sizes=\"(max-width: 707px) 100vw, 707px\" \/><\/figure>\n<\/div>\n\n\n\n<div class=\"wp-block-uagb-container uagb-block-f573f29d\">\n<p>Si ya tienes conocimientos s\u00f3lidos en teor\u00eda musical y est\u00e1s buscando llevar tus habilidades al siguiente nivel, nuestro curso en vivo de Armon\u00eda Cl\u00e1sica es perfecto para ti. En este curso, exploraremos los conceptos m\u00e1s avanzados de la armon\u00eda y c\u00f3mo se aplican en la m\u00fasica cl\u00e1sica, bas\u00e1ndonos en el <strong>Tratado de Armon\u00eda de Theodore Dubois<\/strong>.<\/p>\n\n\n\n<p>Al igual que el curso de Teor\u00eda Musical, las clases de Armon\u00eda Cl\u00e1sica se transmiten en vivo a trav\u00e9s de YouTube y est\u00e1n disponibles exclusivamente para los miembros del canal. Aqu\u00ed tambi\u00e9n tendr\u00e1s la oportunidad de interactuar con el instructor y hacer preguntas en tiempo real.<\/p>\n\n\n\n<div class=\"wp-block-buttons alignwide is-content-justification-left is-layout-flex wp-container-core-buttons-is-layout-2 wp-block-buttons-is-layout-flex\">\n<div class=\"wp-block-button has-custom-width wp-block-button__width-25\"><a class=\"wp-block-button__link wp-element-button\" href=\"https:\/\/www.youtube.com\/playlist?list=PLoNTWehK6E_VHt3Uo_YDhqx1V0i3kG2JY\"><strong>Ir al Curso<\/strong><\/a><\/div>\n<\/div>\n<\/div>\n<\/div><\/div>\n\n\n\n<div style=\"height:50px\" aria-hidden=\"true\" class=\"wp-block-spacer\"><\/div>\n\n\n\n<h2 class=\"wp-block-heading has-text-align-center\">\u00bfPor qu\u00e9 elegir nuestros cursos en vivo?<\/h2>\n\n\n\n<p>Nuestros cursos en vivo te brindan la oportunidad de aprender de manera interactiva y personalizada. A diferencia de los cursos pregrabados, aqu\u00ed podr\u00e1s hacer preguntas, recibir retroalimentaci\u00f3n en tiempo real y conectarte con otros estudiantes apasionados por la m\u00fasica.<\/p>\n\n\n\n<p>Adem\u00e1s, al ser miembro del canal, tendr\u00e1s acceso a material adicional, como recursos descargables y ejercicios pr\u00e1cticos, que complementar\u00e1n tu aprendizaje.<\/p>\n\n\n\n<p>Ya sea que est\u00e9s comenzando desde cero o que busques expandir tus conocimientos, nuestros cursos en vivo de Teor\u00eda Musical y Armon\u00eda Cl\u00e1sica te proporcionar\u00e1n las herramientas necesarias para crecer como m\u00fasico. \u00a1No pierdas la oportunidad de unirte a nuestra comunidad y llevar tu m\u00fasica al siguiente nivel!<\/p>\n","protected":false},"excerpt":{"rendered":"<p>Teor\u00eda Musical Nivel 1 \u00a1Bienvenido al curso en vivo de Teor\u00eda Musical! Este curso est\u00e1 dise\u00f1ado para aquellos que desean aprender los fundamentos de la m\u00fasica desde cero. No importa si eres un principiante absoluto o si tienes algo de conocimiento previo, este curso te brindar\u00e1 las bases necesarias para comprender y analizar la m\u00fasica &hellip;<\/p>\n<p class=\"read-more\"> <a class=\"\" href=\"https:\/\/aprendizmusical.com\/?page_id=221\"> <span class=\"screen-reader-text\">Membres\u00eda<\/span> Leer m\u00e1s &raquo;<\/a><\/p>\n","protected":false},"author":1,"featured_media":0,"parent":0,"menu_order":0,"comment_status":"closed","ping_status":"closed","template":"","meta":{"_uag_custom_page_level_css":"","site-sidebar-layout":"default","site-content-layout":"default","ast-global-header-display":"","ast-banner-title-visibility":"","ast-main-header-display":"","ast-hfb-above-header-display":"","ast-hfb-below-header-display":"","ast-hfb-mobile-header-display":"","site-post-title":"","ast-breadcrumbs-content":"","ast-featured-img":"","footer-sml-layout":"","theme-transparent-header-meta":"","adv-header-id-meta":"","stick-header-meta":"","header-above-stick-meta":"","header-main-stick-meta":"","header-below-stick-meta":"","footnotes":""},"featured_image_urls":{"full":"","thumbnail":"","medium":"","medium_large":"","large":"","1536x1536":"","2048x2048":""},"post_excerpt_stackable":"<p>Teor\u00eda Musical Nivel 1 \u00a1Bienvenido al curso en vivo de Teor\u00eda Musical! Este curso est\u00e1 dise\u00f1ado para aquellos que desean aprender los fundamentos de la m\u00fasica desde cero. No importa si eres un principiante absoluto o si tienes algo de conocimiento previo, este curso te brindar\u00e1 las bases necesarias para comprender y analizar la m\u00fasica de una manera m\u00e1s profunda.Nos apoyamos en el material usado por la\u00a0Australian Music Examination Board\u00a0que\u00a0est\u00e1 dise\u00f1ado para aquellos que desean establecer una base s\u00f3lida en los\u00a0fundamentos de la m\u00fasica Nuestro curso en vivo se lleva a cabo a trav\u00e9s de YouTube y est\u00e1 exclusivamente disponible&hellip;<\/p>\n","category_list":"","author_info":{"name":"ldefonso.ao@gmail.com","url":"https:\/\/aprendizmusical.com\/?author=1"},"comments_num":"0 comments","uagb_featured_image_src":{"full":false,"thumbnail":false,"medium":false,"medium_large":false,"large":false,"1536x1536":false,"2048x2048":false},"uagb_author_info":{"display_name":"ldefonso.ao@gmail.com","author_link":"https:\/\/aprendizmusical.com\/?author=1"},"uagb_comment_info":0,"uagb_excerpt":"Teor\u00eda Musical Nivel 1 \u00a1Bienvenido al curso en vivo de Teor\u00eda Musical! Este curso est\u00e1 dise\u00f1ado para aquellos que desean aprender los fundamentos de la m\u00fasica desde cero. No importa si eres un principiante absoluto o si tienes algo de conocimiento previo, este curso te brindar\u00e1 las bases necesarias para comprender y analizar la m\u00fasica&hellip;","_links":{"self":[{"href":"https:\/\/aprendizmusical.com\/index.php?rest_route=\/wp\/v2\/pages\/221"}],"collection":[{"href":"https:\/\/aprendizmusical.com\/index.php?rest_route=\/wp\/v2\/pages"}],"about":[{"href":"https:\/\/aprendizmusical.com\/index.php?rest_route=\/wp\/v2\/types\/page"}],"author":[{"embeddable":true,"href":"https:\/\/aprendizmusical.com\/index.php?rest_route=\/wp\/v2\/users\/1"}],"replies":[{"embeddable":true,"href":"https:\/\/aprendizmusical.com\/index.php?rest_route=%2Fwp%2Fv2%2Fcomments&post=221"}],"version-history":[{"count":2,"href":"https:\/\/aprendizmusical.com\/index.php?rest_route=\/wp\/v2\/pages\/221\/revisions"}],"predecessor-version":[{"id":228,"href":"https:\/\/aprendizmusical.com\/index.php?rest_route=\/wp\/v2\/pages\/221\/revisions\/228"}],"wp:attachment":[{"href":"https:\/\/aprendizmusical.com\/index.php?rest_route=%2Fwp%2Fv2%2Fmedia&parent=221"}],"curies":[{"name":"wp","href":"https:\/\/api.w.org\/{rel}","templated":true}]}}